{"id":375,"date":"2026-04-20T01:59:58","date_gmt":"2026-04-20T01:59:58","guid":{"rendered":"https:\/\/gsrlogistica.com\/?page_id=375"},"modified":"2026-04-20T03:05:44","modified_gmt":"2026-04-20T03:05:44","slug":"nosotros","status":"publish","type":"page","link":"https:\/\/gsrlogistica.com\/?page_id=375","title":{"rendered":"Nosotros"},"content":{"rendered":"\t\t<div data-elementor-type=\"wp-page\" data-elementor-id=\"375\" class=\"elementor elementor-375\">\n\t\t\t\t<div class=\"elementor-element elementor-element-1aff5b8 e-flex e-con-boxed e-con e-parent\" data-id=\"1aff5b8\" data-element_type=\"container\" data-e-type=\"container\" data-settings=\"{&quot;background_background&quot;:&quot;classic&quot;}\">\n\t\t\t\t\t<div class=\"e-con-inner\">\n\t\t\t\t\t<\/div>\n\t\t\t\t<\/div>\n\t\t<div class=\"elementor-element elementor-element-7729dd5 e-flex e-con-boxed e-con e-parent\" data-id=\"7729dd5\" data-element_type=\"container\" data-e-type=\"container\">\n\t\t\t\t\t<div class=\"e-con-inner\">\n\t\t<div class=\"elementor-element elementor-element-ff1875b e-con-full e-flex e-con e-child\" data-id=\"ff1875b\" data-element_type=\"container\" data-e-type=\"container\" data-settings=\"{&quot;background_background&quot;:&quot;classic&quot;}\">\n\t\t<div class=\"elementor-element elementor-element-3ca6f29 e-con-full e-flex e-con e-child\" data-id=\"3ca6f29\" data-element_type=\"container\" data-e-type=\"container\">\n\t\t\t\t<div class=\"elementor-element elementor-element-bd9cb10 elementor-widget elementor-widget-elementskit-heading\" data-id=\"bd9cb10\" data-element_type=\"widget\" data-e-type=\"widget\" data-widget_type=\"elementskit-heading.default\">\n\t\t\t\t\t<div class=\"ekit-wid-con\" ><div class=\"ekit-heading elementskit-section-title-wraper text_left   ekit_heading_tablet-   ekit_heading_mobile-\"><h2 class=\"ekit-heading--title elementskit-section-title \">Misi\u00f3n<\/h2>\t\t\t\t<div class='ekit-heading__description'>\n\t\t\t\t\t<p class=\"p1\">Brindar soluciones personalizadas en temas log\u00edsticos y as\u00ed coadyuvar a la <span class=\"s1\">eficiencia empresarial.<\/span><\/p>\n<p>.<\/p>\n\t\t\t\t<\/div>\n\t\t\t<\/div><\/div>\t\t\t\t<\/div>\n\t\t\t\t<\/div>\n\t\t<div class=\"elementor-element elementor-element-c312383 e-con-full e-flex e-con e-child\" data-id=\"c312383\" data-element_type=\"container\" data-e-type=\"container\">\n\t\t\t\t<div class=\"elementor-element elementor-element-8b0d29a elementor-widget elementor-widget-image\" data-id=\"8b0d29a\" data-element_type=\"widget\" data-e-type=\"widget\" data-widget_type=\"image.default\">\n\t\t\t\t\t\t\t\t\t\t\t\t\t\t\t<img fetchpriority=\"high\" decoding=\"async\" width=\"1536\" height=\"1024\" src=\"https:\/\/gsrlogistica.com\/wp-content\/uploads\/2026\/04\/Mision.png\" class=\"attachment-full size-full wp-image-526\" alt=\"\" srcset=\"https:\/\/gsrlogistica.com\/wp-content\/uploads\/2026\/04\/Mision.png 1536w, https:\/\/gsrlogistica.com\/wp-content\/uploads\/2026\/04\/Mision-300x200.png 300w, https:\/\/gsrlogistica.com\/wp-content\/uploads\/2026\/04\/Mision-1024x683.png 1024w, https:\/\/gsrlogistica.com\/wp-content\/uploads\/2026\/04\/Mision-768x512.png 768w\" sizes=\"(max-width: 1536px) 100vw, 1536px\" \/>\t\t\t\t\t\t\t\t\t\t\t\t\t\t\t<\/div>\n\t\t\t\t<\/div>\n\t\t\t\t<\/div>\n\t\t\t\t\t<\/div>\n\t\t\t\t<\/div>\n\t\t<div class=\"elementor-element elementor-element-da60fec e-flex e-con-boxed e-con e-parent\" data-id=\"da60fec\" data-element_type=\"container\" data-e-type=\"container\">\n\t\t\t\t\t<div class=\"e-con-inner\">\n\t\t<div class=\"elementor-element elementor-element-bc0b289 e-con-full e-flex e-con e-child\" data-id=\"bc0b289\" data-element_type=\"container\" data-e-type=\"container\" data-settings=\"{&quot;background_background&quot;:&quot;classic&quot;}\">\n\t\t<div class=\"elementor-element elementor-element-9084d76 e-con-full e-flex e-con e-child\" data-id=\"9084d76\" data-element_type=\"container\" data-e-type=\"container\">\n\t\t\t\t<div class=\"elementor-element elementor-element-2069ab6 elementor-widget elementor-widget-elementskit-heading\" data-id=\"2069ab6\" data-element_type=\"widget\" data-e-type=\"widget\" data-widget_type=\"elementskit-heading.default\">\n\t\t\t\t\t<div class=\"ekit-wid-con\" ><div class=\"ekit-heading elementskit-section-title-wraper text_left   ekit_heading_tablet-   ekit_heading_mobile-\"><h2 class=\"ekit-heading--title elementskit-section-title \">Visi\u00f3n<\/h2>\t\t\t\t<div class='ekit-heading__description'>\n\t\t\t\t\t<p class=\"p1\">Ser una empresa de referencia en el sector log\u00edstico, distinguiendonos por la <span class=\"s1\">calidad del servicio.<\/span><\/p>\n\t\t\t\t<\/div>\n\t\t\t<\/div><\/div>\t\t\t\t<\/div>\n\t\t\t\t<\/div>\n\t\t<div class=\"elementor-element elementor-element-c8f98d0 e-con-full e-flex e-con e-child\" data-id=\"c8f98d0\" data-element_type=\"container\" data-e-type=\"container\">\n\t\t\t\t<div class=\"elementor-element elementor-element-2603bf0 elementor-widget elementor-widget-image\" data-id=\"2603bf0\" data-element_type=\"widget\" data-e-type=\"widget\" data-widget_type=\"image.default\">\n\t\t\t\t\t\t\t\t\t\t\t\t\t\t\t<img decoding=\"async\" width=\"1536\" height=\"1024\" src=\"https:\/\/gsrlogistica.com\/wp-content\/uploads\/2026\/04\/Vision.png\" class=\"attachment-full size-full wp-image-530\" alt=\"\" srcset=\"https:\/\/gsrlogistica.com\/wp-content\/uploads\/2026\/04\/Vision.png 1536w, https:\/\/gsrlogistica.com\/wp-content\/uploads\/2026\/04\/Vision-300x200.png 300w, https:\/\/gsrlogistica.com\/wp-content\/uploads\/2026\/04\/Vision-1024x683.png 1024w, https:\/\/gsrlogistica.com\/wp-content\/uploads\/2026\/04\/Vision-768x512.png 768w\" sizes=\"(max-width: 1536px) 100vw, 1536px\" \/>\t\t\t\t\t\t\t\t\t\t\t\t\t\t\t<\/div>\n\t\t\t\t<\/div>\n\t\t\t\t<\/div>\n\t\t\t\t\t<\/div>\n\t\t\t\t<\/div>\n\t\t<div class=\"elementor-element elementor-element-0657842 e-flex e-con-boxed e-con e-parent\" data-id=\"0657842\" data-element_type=\"container\" data-e-type=\"container\">\n\t\t\t\t\t<div class=\"e-con-inner\">\n\t\t<div class=\"elementor-element elementor-element-d729bdf e-con-full e-flex e-con e-child\" data-id=\"d729bdf\" data-element_type=\"container\" data-e-type=\"container\" data-settings=\"{&quot;background_background&quot;:&quot;classic&quot;}\">\n\t\t<div class=\"elementor-element elementor-element-056e059 e-con-full e-flex e-con e-child\" data-id=\"056e059\" data-element_type=\"container\" data-e-type=\"container\">\n\t\t\t\t<div class=\"elementor-element elementor-element-1edcf41 elementor-widget elementor-widget-elementskit-heading\" data-id=\"1edcf41\" data-element_type=\"widget\" data-e-type=\"widget\" data-widget_type=\"elementskit-heading.default\">\n\t\t\t\t\t<div class=\"ekit-wid-con\" ><div class=\"ekit-heading elementskit-section-title-wraper text_left   ekit_heading_tablet-   ekit_heading_mobile-\"><h2 class=\"ekit-heading--title elementskit-section-title \">Valores<\/h2>\t\t\t\t<div class='ekit-heading__description'>\n\t\t\t\t\t<ol>\n<li>Respeto<\/li>\n<li>Honestidad<\/li>\n<li>Trabajo en equipo\u00a0<\/li>\n<li>Calidad<\/li>\n<\/ol>\n\t\t\t\t<\/div>\n\t\t\t<\/div><\/div>\t\t\t\t<\/div>\n\t\t\t\t<\/div>\n\t\t<div class=\"elementor-element elementor-element-d37cba7 e-con-full e-flex e-con e-child\" data-id=\"d37cba7\" data-element_type=\"container\" data-e-type=\"container\">\n\t\t\t\t<div class=\"elementor-element elementor-element-842ecb9 elementor-widget elementor-widget-image\" data-id=\"842ecb9\" data-element_type=\"widget\" data-e-type=\"widget\" data-widget_type=\"image.default\">\n\t\t\t\t\t\t\t\t\t\t\t\t\t\t\t<img decoding=\"async\" width=\"1536\" height=\"1024\" src=\"https:\/\/gsrlogistica.com\/wp-content\/uploads\/2026\/04\/Valores.png\" class=\"attachment-full size-full wp-image-531\" alt=\"\" srcset=\"https:\/\/gsrlogistica.com\/wp-content\/uploads\/2026\/04\/Valores.png 1536w, https:\/\/gsrlogistica.com\/wp-content\/uploads\/2026\/04\/Valores-300x200.png 300w, https:\/\/gsrlogistica.com\/wp-content\/uploads\/2026\/04\/Valores-1024x683.png 1024w, https:\/\/gsrlogistica.com\/wp-content\/uploads\/2026\/04\/Valores-768x512.png 768w\" sizes=\"(max-width: 1536px) 100vw, 1536px\" \/>\t\t\t\t\t\t\t\t\t\t\t\t\t\t\t<\/div>\n\t\t\t\t<\/div>\n\t\t\t\t<\/div>\n\t\t\t\t\t<\/div>\n\t\t\t\t<\/div>\n\t\t\t\t<\/div>\n\t\t","protected":false},"excerpt":{"rendered":"<p>Misi\u00f3n Brindar soluciones personalizadas en temas log\u00edsticos y as\u00ed coadyuvar a la eficiencia empresarial. . Visi\u00f3n Ser una empresa de referencia en el sector log\u00edstico, distinguiendonos por la calidad del servicio. Valores Respeto Honestidad Trabajo en equipo\u00a0 Calidad<\/p>\n","protected":false},"author":1,"featured_media":0,"parent":0,"menu_order":0,"comment_status":"closed","ping_status":"closed","template":"elementor_header_footer","meta":{"footnotes":""},"class_list":["post-375","page","type-page","status-publish","hentry"],"_links":{"self":[{"href":"https:\/\/gsrlogistica.com\/index.php?rest_route=\/wp\/v2\/pages\/375","targetHints":{"allow":["GET"]}}],"collection":[{"href":"https:\/\/gsrlogistica.com\/index.php?rest_route=\/wp\/v2\/pages"}],"about":[{"href":"https:\/\/gsrlogistica.com\/index.php?rest_route=\/wp\/v2\/types\/page"}],"author":[{"embeddable":true,"href":"https:\/\/gsrlogistica.com\/index.php?rest_route=\/wp\/v2\/users\/1"}],"replies":[{"embeddable":true,"href":"https:\/\/gsrlogistica.com\/index.php?rest_route=%2Fwp%2Fv2%2Fcomments&post=375"}],"version-history":[{"count":31,"href":"https:\/\/gsrlogistica.com\/index.php?rest_route=\/wp\/v2\/pages\/375\/revisions"}],"predecessor-version":[{"id":559,"href":"https:\/\/gsrlogistica.com\/index.php?rest_route=\/wp\/v2\/pages\/375\/revisions\/559"}],"wp:attachment":[{"href":"https:\/\/gsrlogistica.com\/index.php?rest_route=%2Fwp%2Fv2%2Fmedia&parent=375"}],"curies":[{"name":"wp","href":"https:\/\/api.w.org\/{rel}","templated":true}]}}